{"id":264,"date":"2018-12-19T20:13:50","date_gmt":"2018-12-19T18:13:50","guid":{"rendered":"https:\/\/munsivut.net\/lemonbar\/?page_id=264"},"modified":"2025-05-09T21:31:03","modified_gmt":"2025-05-09T18:31:03","slug":"avoinna-joka-paiva","status":"publish","type":"page","link":"https:\/\/munsivut.net\/lemonbar\/avoinna-joka-paiva\/","title":{"rendered":"Joka p\u00e4iv\u00e4"},"content":{"rendered":"<h1 style=\"text-align: center\"><strong>Aukioloajat :<\/strong><\/h1>\r\n<h1 style=\"text-align: center\"><strong>Ma-to\u00a0 \u00a012-02<\/strong><\/h1>\r\n<h1 style=\"text-align: center\"><strong>Pe-la\u00a0 \u00a0 12-04<\/strong><\/h1>\r\n<h1 style=\"text-align: center\"><strong>Su\u00a0 \u00a0 \u00a0 \u00a0 12-02<\/strong><\/h1>\r\n<h1 style=\"text-align: center\"><strong>Anniskelu terassilla p\u00e4\u00e4ttyy klo 23 ja ravintolassa pilkku puoli tuntia aiemmin.<br \/><\/strong><\/h1>\r\n<h1 style=\"text-align: center\"><strong>Tervetuloa!<\/strong><\/h1>\r\n<hr \/>\r\n<pre><strong>HYV\u00c4\u00c4 KES\u00c4\u00c4 - PALVELEMME J\u00c4LLEEN 1.6. ALKAEN JOKA P\u00c4IV\u00c4!<\/strong><\/pre>\r\n<p>&nbsp;<\/p>\r\n<hr \/>\r\n<h3 class=\"wp-block-heading\"><strong><u>Juhannuksena 2020<\/u><\/strong><\/h3>\r\n<h3><strong><u>AUKIOLOAJAT:<\/u><\/strong><\/h3>\r\n<h3><\/h3>\r\n<hr \/>\r\n<h3><\/h3>\r\n<h3 class=\"wp-block-heading\"><strong>18.06. TORSTAI\u00a0 \u00a0 \u00a0KLO 12 &#8211;<\/strong> 22<\/h3>\r\n<h3>\r\n\r\n<\/h3>\r\n<h3 class=\"wp-block-heading\"><strong>19.06. PERJANTAI\u00a0 KLO 1<\/strong>4 &#8211; 22<\/h3>\r\n<h3>\r\n\r\n<\/h3>\r\n<h3 class=\"wp-block-heading\"><strong>20.06. LAUANTAI\u00a0 \u00a0KLO <\/strong>14 &#8211; 22<\/h3>\r\n<h3>\r\n\r\n<\/h3>\r\n<h3 class=\"wp-block-heading\"><strong>21.06. SUNNUNTAI\u00a0 \u00a0KLO 12<\/strong> &#8211; <u>22<\/u><\/h3>\r\n\r\n\r\n\r\n<p>Hyv\u00e4\u00e4 juhannusta!<\/p>\r\n\r\n\r\n<hr \/>\r\n<h3><strong>HYV\u00c4\u00c4 JOULUA JA RAUHALLISTA UUTTAVUOTTA KAIKILLE !<\/strong><\/h3>\r\n\r\n\r\n\r\n<pre class=\"wp-block-verse has-text-align-center\"><strong>CAFE LEMON BAR<\/strong><\/pre>\r\n\r\n\r\n\r\n<figure class=\"wp-block-pullquote\">\r\n<blockquote>\r\n<p>Olemme Avoinna Jouluna!<\/p>\r\n<hr \/>\r\n<p>&nbsp;<\/p>\r\n<\/blockquote>\r\n<\/figure>\r\n\r\n\r\n\r\n<pre>Jouluaattona 24.12. avaamme klo 16, 25.12. avoinna klo 16 - 02 <\/pre>\r\n<pre>ja 26.12. avoinna j\u00e4lleen klo 12 - 02 (pid\u00e4t\u00e4mme oikeuden muutoksiin)<\/pre>\r\n","protected":false},"excerpt":{"rendered":"<p>Aukioloajat : Ma-to\u00a0 \u00a012-02 Pe-la\u00a0 \u00a0 12-04 Su\u00a0 \u00a0 \u00a0 \u00a0 12-02 Anniskelu terassilla p\u00e4\u00e4ttyy klo 23 ja ravintolassa pilkku puoli tuntia aiemmin. Tervetuloa! HYV\u00c4\u00c4 KES\u00c4\u00c4 &#8211; PALVELEMME J\u00c4LLEEN 1.6. ALKAEN JOKA P\u00c4IV\u00c4! &nbsp; Juhannuksena 2020 AUKIOLOAJAT: 18.06. TORSTAI\u00a0 \u00a0 \u00a0KLO 12 &#8211; 22 19.06. PERJANTAI\u00a0 KLO 14 &#8211; 22 20.06. LAUANTAI\u00a0 \u00a0KLO 14 &#8211; [&hellip;]<\/p>\n","protected":false},"author":1001011,"featured_media":0,"parent":0,"menu_order":3,"comment_status":"closed","ping_status":"closed","template":"","meta":{"footnotes":""},"class_list":["post-264","page","type-page","status-publish","hentry"],"jetpack_sharing_enabled":true,"_links":{"self":[{"href":"https:\/\/munsivut.net\/lemonbar\/wp-json\/wp\/v2\/pages\/264","targetHints":{"allow":["GET"]}}],"collection":[{"href":"https:\/\/munsivut.net\/lemonbar\/wp-json\/wp\/v2\/pages"}],"about":[{"href":"https:\/\/munsivut.net\/lemonbar\/wp-json\/wp\/v2\/types\/page"}],"author":[{"embeddable":true,"href":"https:\/\/munsivut.net\/lemonbar\/wp-json\/wp\/v2\/users\/1001011"}],"replies":[{"embeddable":true,"href":"https:\/\/munsivut.net\/lemonbar\/wp-json\/wp\/v2\/comments?post=264"}],"version-history":[{"count":2,"href":"https:\/\/munsivut.net\/lemonbar\/wp-json\/wp\/v2\/pages\/264\/revisions"}],"predecessor-version":[{"id":591,"href":"https:\/\/munsivut.net\/lemonbar\/wp-json\/wp\/v2\/pages\/264\/revisions\/591"}],"wp:attachment":[{"href":"https:\/\/munsivut.net\/lemonbar\/wp-json\/wp\/v2\/media?parent=264"}],"curies":[{"name":"wp","href":"https:\/\/api.w.org\/{rel}","templated":true}]}}